{"id":284,"date":"2017-02-28T18:00:36","date_gmt":"2017-02-28T17:00:36","guid":{"rendered":"http:\/\/cliniqueavenir.siteuphosting.com\/en\/nos-professionnels\/"},"modified":"2025-01-16T11:57:27","modified_gmt":"2025-01-16T16:57:27","slug":"our-professionals","status":"publish","type":"page","link":"https:\/\/cliniqueavenir.com\/en\/our-professionals\/","title":{"rendered":"Our Dental Care Professionals"},"content":{"rendered":"<div class=\"wpb-content-wrapper\">[vc_row el_id=&#8221;stephanie&#8221; css=&#8221;.vc_custom_1517587565619{margin-bottom: 30px !important;border-bottom-width: 3px !important;border-bottom-color: #64c6c7 !important;border-bottom-style: solid !important;}&#8221;][vc_column width=&#8221;1\/3&#8243;][vc_single_image image=&#8221;4156&#8243; img_size=&#8221;300&#215;295&#8243; alignment=&#8221;center&#8221;][\/vc_column][vc_column width=&#8221;2\/3&#8243;][vc_column_text css=&#8221;.vc_custom_1517590226296{padding-top: 0px !important;padding-bottom: 0px !important;}&#8221;]\n<h3 style=\"text-align: left;\">Dr. St\u00e9phanie Gallant, <span style=\"font-size: 22px;\">DMD<\/span><\/h3>\n[\/vc_column_text][vc_column_text]As a member of the Ordre des Dentistes du Qu\u00e9bec and owner of Clinique dentaire de l\u2019Avenir, Dr. Gallant earned her Doctorate in Dentistry at the Universit\u00e9 de Montr\u00e9al. Since she began her multidisciplinary practice, she has had a strong interest in surgery and cosmetic dentistry. In the interest of perfecting her art, Dr. Gallant took part in several courses to continue her education in order to provide the most sophisticated dental care to her valued patients. Her personalized approach and finesse inspire confidence in each of her patients. She believes a healthy, radiant smile promotes success.<\/p>\n<h5>Certifications<\/h5>\n<div class=\"su-list\" style=\"margin-left:0px\">\n<ul>\n<li><i class=\"sui sui-chevron-right\" style=\"color:#64c6c7\"><\/i> 2019 Foundations in Restoring Complex Cases &#8211; Las Vegas Institute for Advanced Dental Studies, Nevada<\/li>\n<li><i class=\"sui sui-chevron-right\" style=\"color:#64c6c7\"><\/i> 2019 Effective Bite Splints &#8211; Canadian Institute for Occlusion<\/li>\n<li><i class=\"sui sui-chevron-right\" style=\"color:#64c6c7\"><\/i> 2018 Mastering multiple anterior and posterior restorations with Cerec, Arizona<\/li>\n<li><i class=\"sui sui-chevron-right\" style=\"color:#64c6c7\"><\/i> 2017 Cerec Omnicam posterior and anterior, Patterson Dental.<\/li>\n<li><i class=\"sui sui-chevron-right\" style=\"color:#64c6c7\"><\/i> 2017 Laser Diode training course, Biolase.<\/li>\n<li><i class=\"sui sui-chevron-right\" style=\"color:#64c6c7\"><\/i> 2016 Chao Pinhole Surgical Technique, Californie.<\/li>\n<li><i class=\"sui sui-chevron-right\" style=\"color:#64c6c7\"><\/i> 2014 Zimmer Biomet Institute, New Jersey.<\/li>\n<li><i class=\"sui sui-chevron-right\" style=\"color:#64c6c7\"><\/i> 2013 Non-surgical Retreatement, Santa Barbara, Californie.<\/li>\n<li><i class=\"sui sui-chevron-right\" style=\"color:#64c6c7\"><\/i> 2012 Allogeneic, Free Autogenous, or Aonjonctive Tissue Grafting from the Acad\u00e9mie Dentaire Multidisciplinaire.<\/li>\n<li><i class=\"sui sui-chevron-right\" style=\"color:#64c6c7\"><\/i> 2010 Canadian Institute of Implantology, Paris.<\/li>\n<li><i class=\"sui sui-chevron-right\" style=\"color:#64c6c7\"><\/i> 2010 Doctorate in Dentistry, Universit\u00e9 de Montr\u00e9al.<\/li>\n<\/ul>\n<\/div>[\/vc_column_text][\/vc_column][\/vc_row][vc_row css=&#8221;.vc_custom_1520872327177{border-bottom-width: 3px !important;border-bottom-color: #64c6c7 !important;border-bottom-style: solid !important;}&#8221;][vc_column width=&#8221;1\/3&#8243;][vc_single_image image=&#8221;4132&#8243; img_size=&#8221;300&#215;295&#8243; alignment=&#8221;center&#8221;][\/vc_column][vc_column width=&#8221;2\/3&#8243;][vc_column_text css=&#8221;.vc_custom_1577484056528{padding-top: 0px !important;padding-bottom: 0px !important;}&#8221;]\n<h3 style=\"text-align: left;\">Dr. Pierre Rochon, <span style=\"font-size: 22px;\">Dentist<\/span><\/h3>\n[\/vc_column_text][vc_column_text]Dr. Pierre Rochon holds a doctorate in dental medicine from the Universit\u00e9 de Montr\u00e9al. A general dentist, he is a member of the Ordre des Dentistes du Qu\u00e9bec and has been practicing dentistry for over 40 years. Always passionate about his profession, he is constantly on the lookout for new technologies which led him to obtain an American patent on trans-epithelial sleeves in dental implantology in 1992. A Fellow of the International Studies Academy and a Fellow of the International Academy of Dentistry, he is proud to join Dr. St\u00e9phanie Gallant&#8217;s team, whose primary goal is the satisfaction of her patients.[\/vc_column_text][\/vc_column][\/vc_row][vc_row css=&#8221;.vc_custom_1520872327177{border-bottom-width: 3px !important;border-bottom-color: #64c6c7 !important;border-bottom-style: solid !important;}&#8221;][vc_column width=&#8221;1\/3&#8243;][vc_single_image image=&#8221;4134&#8243; img_size=&#8221;300&#215;295&#8243; alignment=&#8221;center&#8221;][\/vc_column][vc_column width=&#8221;2\/3&#8243;][vc_column_text css=&#8221;.vc_custom_1577484163381{padding-top: 0px !important;padding-bottom: 0px !important;}&#8221;]\n<h3 style=\"text-align: left;\">Dr. Marlee Gauthier, <span style=\"font-size: 22px;\">Dentist<\/span><\/h3>\n[\/vc_column_text][vc_column_text]It is with pleasure that I joined this wonderful team. Following my studies at the Universit\u00e9 de Montr\u00e9al, I wanted to enrich my knowledge. Thanks to a multidisciplinary residency at the H\u00f4pital Notre-Dame, I discovered my passion. After 10 years in the field, I prioritize the world of dental surgery and I support each of my patients in this adventure. Working is a pleasure and a little break from my family life. I will take care of you and I will listen to you especially. While my &#8220;magic hands&#8221; are working, you will have the opportunity to take with me about multiple subjects. Passionate about humor, dance, theater, events, maternity and current events; come and find out who is hiding behind the mask!<\/p>\n<p>I want to change the vision of dental surgery, one tooth at a tim[\/vc_column_text][\/vc_column][\/vc_row][vc_row css=&#8221;.vc_custom_1520872327177{border-bottom-width: 3px !important;border-bottom-color: #64c6c7 !important;border-bottom-style: solid !important;}&#8221;][vc_column width=&#8221;1\/3&#8243;][vc_single_image image=&#8221;4456&#8243; img_size=&#8221;300&#215;295&#8243; alignment=&#8221;center&#8221; css=&#8221;&#8221; el_class=&#8221;filtre_noir_team&#8221;][\/vc_column][vc_column width=&#8221;2\/3&#8243;][vc_column_text css=&#8221;.vc_custom_1718111954551{padding-top: 0px !important;padding-bottom: 0px !important;}&#8221;]\n<h3 style=\"text-align: left;\">Dr. Marie-\u00c8ve Lauzon, <span style=\"font-size: 22px;\">Dentist<\/span><\/h3>\n[\/vc_column_text][vc_column_text css=&#8221;&#8221;]Graduated from the University of Montreal in 2019 and a member of the Ordre des dentistes du Qu\u00e9bec, Dr. Lauzon practices as a general dentist at Clinique Dentaire de l&#8217;Avenir. In addition to general services, she has incorporated orthodontics (clear aligners) into her practice after completing a training program with The C.L.E.A.R Institute, an institute recognized by the Academy of General Dentistry. Whether you&#8217;re interested in aligning your teeth or receiving general care, she will be delighted to welcome you and take care of your oral health. Concerned with making your experience at our offices enjoyable, she is empathetic and attentive to your needs.[\/vc_column_text][\/vc_column][\/vc_row][vc_row css=&#8221;.vc_custom_1520872327177{border-bottom-width: 3px !important;border-bottom-color: #64c6c7 !important;border-bottom-style: solid !important;}&#8221;][vc_column width=&#8221;1\/3&#8243;][vc_single_image image=&#8221;4339&#8243; img_size=&#8221;300&#215;295&#8243; alignment=&#8221;center&#8221; css=&#8221;&#8221; el_class=&#8221;filtre_noir_team_dark&#8221;][\/vc_column][vc_column width=&#8221;2\/3&#8243;][vc_column_text css=&#8221;.vc_custom_1577484284905{padding-top: 0px !important;padding-bottom: 0px !important;}&#8221;]\n<h3 style=\"text-align: left;\">Camille Boutet, <span style=\"font-size: 22px;\">Denturist<\/span><\/h3>\n[\/vc_column_text][vc_column_text]A perfectionist, meticulous and gentle, Camille will satisfy both your aesthetic and functional requirements. Her goal is to make you happier, whether with Biofunctional or with implants.<\/p>\n<p>At the cutting edge of technology, Camille is constantly taking professional development courses to offer you the best possible services.[\/vc_column_text][\/vc_column][\/vc_row][vc_row][vc_column][vc_column_text css=&#8221;&#8221;]\n<h2 style=\"text-align: center; margin: 0 auto;\">ADMINISTRATION<\/h2>\n[\/vc_column_text][\/vc_column][\/vc_row][vc_row el_class=&#8221;invert_order_mobile&#8221;][vc_column width=&#8221;1\/3&#8243; el_id=&#8221;josiane&#8221;][vc_single_image image=&#8221;4145&#8243; img_size=&#8221;300&#215;295&#8243; alignment=&#8221;center&#8221; css=&#8221;&#8221; el_class=&#8221;filtre_noir_team_dark&#8221;][vc_column_text css=&#8221;.vc_custom_1718112573234{margin-bottom: 15px !important;padding-top: 0px !important;padding-bottom: 0px !important;}&#8221;]\n<h3 style=\"text-align: center; margin: 0 auto; display: block;\">Jacinthe Babin<br \/>\n<span style=\"font-size: 22px;\">Administrator<\/span><\/h3>\n[\/vc_column_text][vc_column_text]\n<p style=\"text-align: center;\">Cheerful, dynamic, and always smiling, Jacinthe consistently provides impeccable service. Working in the dental field for more than 14 years, she is completely dedicated to her work and will happily provide you with the most knowledgeable information regarding all of your dental concerns.<\/p>\n[\/vc_column_text][\/vc_column][vc_column width=&#8221;1\/3&#8243; el_id=&#8221;pedro&#8221;][\/vc_column][vc_column width=&#8221;1\/3&#8243; el_id=&#8221;chantal&#8221;][\/vc_column][\/vc_row][vc_row disable_element=&#8221;yes&#8221; css=&#8221;.vc_custom_1718111719576{margin-top: 50px !important;margin-bottom: 200px !important;}&#8221;][vc_column][vc_column_text]\n<h2 style=\"text-align: center; margin: 0 auto;\">OUR TEAM<\/h2>\n[\/vc_column_text][vc_row_inner][vc_column_inner width=&#8221;1\/2&#8243;][vc_single_image image=&#8221;4187&#8243; img_size=&#8221;600&#215;400&#8243; alignment=&#8221;center&#8221; onclick=&#8221;link_image&#8221;][vc_column_text css=&#8221;.vc_custom_1579124712393{margin-bottom: 15px !important;padding-top: 0px !important;padding-bottom: 0px !important;}&#8221;]\n<h3 style=\"text-align: center; margin: 0 auto; display: block; font-size: 22px;\">Our Dentists<\/h3>\n[\/vc_column_text][\/vc_column_inner][vc_column_inner width=&#8221;1\/2&#8243;][vc_single_image image=&#8221;4189&#8243; img_size=&#8221;600&#215;400&#8243; alignment=&#8221;center&#8221; onclick=&#8221;link_image&#8221;][vc_column_text css=&#8221;.vc_custom_1579124720845{margin-bottom: 15px !important;padding-top: 0px !important;padding-bottom: 0px !important;}&#8221;]\n<h3 style=\"text-align: center; margin: 0 auto; display: block; font-size: 22px;\">Our Hygienists<\/h3>\n[\/vc_column_text][\/vc_column_inner][\/vc_row_inner][vc_row_inner css=&#8221;.vc_custom_1579187560545{margin-top: 30px !important;}&#8221;][vc_column_inner width=&#8221;1\/2&#8243;][vc_single_image image=&#8221;4185&#8243; img_size=&#8221;600&#215;400&#8243; alignment=&#8221;center&#8221; onclick=&#8221;link_image&#8221;][vc_column_text css=&#8221;.vc_custom_1579124731733{margin-bottom: 15px !important;padding-top: 0px !important;padding-bottom: 0px !important;}&#8221;]\n<h3 style=\"text-align: center; margin: 0 auto; display: block; font-size: 22px;\">Our Secretaries<\/h3>\n[\/vc_column_text][\/vc_column_inner][\/vc_row_inner][\/vc_column][\/vc_row]\n<\/div>","protected":false},"excerpt":{"rendered":"<p>[vc_row el_id=&#8221;stephanie&#8221; css=&#8221;.vc_custom_1517587565619{margin-bottom: 30px !important;border-bottom-width: 3px !important;border-bottom-color: #64c6c7 !important;border-bottom-style: solid !important;}&#8221;][vc_column width=&#8221;1\/3&#8243;][vc_single_image image=&#8221;4156&#8243; img_size=&#8221;300&#215;295&#8243; alignment=&#8221;center&#8221;][\/vc_column][vc_column width=&#8221;2\/3&#8243;][vc_column_text css=&#8221;.vc_custom_1517590226296{padding-top: 0px !important;padding-bottom: 0px !important;}&#8221;] Dr. St\u00e9phanie Gallant, DMD [\/vc_column_text][vc_column_text]As a member of the Ordre des Dentistes du Qu\u00e9bec and owner of Clinique dentaire de l\u2019Avenir, Dr. Gallant earned her Doctorate in Dentistry at the Universit\u00e9 de Montr\u00e9al. Since she began her multidisciplinary practice, she has had a strong interest in surgery and cosmetic dentistry. In the interest of perfecting her art, Dr. Gallant [&hellip;]<\/p>\n","protected":false},"author":8,"featured_media":0,"parent":0,"menu_order":0,"comment_status":"closed","ping_status":"closed","template":"","meta":{"_acf_changed":false,"footnotes":""},"class_list":["post-284","page","type-page","status-publish","hentry"],"acf":[],"yoast_head":"<!-- This site is optimized with the Yoast SEO plugin v27.5 - https:\/\/yoast.com\/product\/yoast-seo-wordpress\/ -->\n<title>Meet Our Team of Dental Professionals | Laval Dentist<\/title>\n<meta name=\"description\" content=\"The dentists and dental professionals at our Laval clinic offer you care that meets and exceeds your expectations.\" \/>\n<meta name=\"robots\" content=\"index, follow, max-snippet:-1, max-image-preview:large, max-video-preview:-1\" \/>\n<link rel=\"canonical\" href=\"https:\/\/cliniqueavenir.com\/en\/our-professionals\/\" \/>\n<meta property=\"og:locale\" content=\"en_US\" \/>\n<meta property=\"og:type\" content=\"article\" \/>\n<meta property=\"og:title\" content=\"Meet Our Team of Dental Professionals | Laval Dentist\" \/>\n<meta property=\"og:description\" content=\"The dentists and dental professionals at our Laval clinic offer you care that meets and exceeds your expectations.\" \/>\n<meta property=\"og:url\" content=\"https:\/\/cliniqueavenir.com\/en\/our-professionals\/\" \/>\n<meta property=\"og:site_name\" content=\"Clinique Dentaire de l&#039;Avenir\" \/>\n<meta property=\"article:publisher\" content=\"https:\/\/www.facebook.com\/CliniqueAvenir\" \/>\n<meta property=\"article:modified_time\" content=\"2025-01-16T16:57:27+00:00\" \/>\n<meta property=\"og:image\" content=\"https:\/\/cliniqueavenir.com\/wp-content\/uploads\/2017\/03\/top-logo.png\" \/>\n\t<meta property=\"og:image:width\" content=\"458\" \/>\n\t<meta property=\"og:image:height\" content=\"136\" \/>\n\t<meta property=\"og:image:type\" content=\"image\/png\" \/>\n<meta name=\"twitter:card\" content=\"summary_large_image\" \/>\n<meta name=\"twitter:site\" content=\"@CliniqueAvenir\" \/>\n<meta name=\"twitter:label1\" content=\"Est. reading time\" \/>\n\t<meta name=\"twitter:data1\" content=\"6 minutes\" \/>\n<script type=\"application\/ld+json\" class=\"yoast-schema-graph\">{\"@context\":\"https:\\\/\\\/schema.org\",\"@graph\":[{\"@type\":\"WebPage\",\"@id\":\"https:\\\/\\\/cliniqueavenir.com\\\/en\\\/our-professionals\\\/\",\"url\":\"https:\\\/\\\/cliniqueavenir.com\\\/en\\\/our-professionals\\\/\",\"name\":\"Meet Our Team of Dental Professionals | Laval Dentist\",\"isPartOf\":{\"@id\":\"https:\\\/\\\/cliniqueavenir.com\\\/#website\"},\"datePublished\":\"2017-02-28T17:00:36+00:00\",\"dateModified\":\"2025-01-16T16:57:27+00:00\",\"description\":\"The dentists and dental professionals at our Laval clinic offer you care that meets and exceeds your expectations.\",\"breadcrumb\":{\"@id\":\"https:\\\/\\\/cliniqueavenir.com\\\/en\\\/our-professionals\\\/#breadcrumb\"},\"inLanguage\":\"en-CA\",\"potentialAction\":[{\"@type\":\"ReadAction\",\"target\":[\"https:\\\/\\\/cliniqueavenir.com\\\/en\\\/our-professionals\\\/\"]}]},{\"@type\":\"BreadcrumbList\",\"@id\":\"https:\\\/\\\/cliniqueavenir.com\\\/en\\\/our-professionals\\\/#breadcrumb\",\"itemListElement\":[{\"@type\":\"ListItem\",\"position\":1,\"name\":\"Accueil\",\"item\":\"https:\\\/\\\/cliniqueavenir.com\\\/en\\\/\"},{\"@type\":\"ListItem\",\"position\":2,\"name\":\"Our Dental Care Professionals\"}]},{\"@type\":\"WebSite\",\"@id\":\"https:\\\/\\\/cliniqueavenir.com\\\/#website\",\"url\":\"https:\\\/\\\/cliniqueavenir.com\\\/\",\"name\":\"Clinique Dentaire de l&#039;Avenir\",\"description\":\"Votre clinique dentaire de Laval\",\"potentialAction\":[{\"@type\":\"SearchAction\",\"target\":{\"@type\":\"EntryPoint\",\"urlTemplate\":\"https:\\\/\\\/cliniqueavenir.com\\\/?s={search_term_string}\"},\"query-input\":{\"@type\":\"PropertyValueSpecification\",\"valueRequired\":true,\"valueName\":\"search_term_string\"}}],\"inLanguage\":\"en-CA\"}]}<\/script>\n<!-- \/ Yoast SEO plugin. -->","yoast_head_json":{"title":"Meet Our Team of Dental Professionals | Laval Dentist","description":"The dentists and dental professionals at our Laval clinic offer you care that meets and exceeds your expectations.","robots":{"index":"index","follow":"follow","max-snippet":"max-snippet:-1","max-image-preview":"max-image-preview:large","max-video-preview":"max-video-preview:-1"},"canonical":"https:\/\/cliniqueavenir.com\/en\/our-professionals\/","og_locale":"en_US","og_type":"article","og_title":"Meet Our Team of Dental Professionals | Laval Dentist","og_description":"The dentists and dental professionals at our Laval clinic offer you care that meets and exceeds your expectations.","og_url":"https:\/\/cliniqueavenir.com\/en\/our-professionals\/","og_site_name":"Clinique Dentaire de l&#039;Avenir","article_publisher":"https:\/\/www.facebook.com\/CliniqueAvenir","article_modified_time":"2025-01-16T16:57:27+00:00","og_image":[{"width":458,"height":136,"url":"https:\/\/cliniqueavenir.com\/wp-content\/uploads\/2017\/03\/top-logo.png","type":"image\/png"}],"twitter_card":"summary_large_image","twitter_site":"@CliniqueAvenir","twitter_misc":{"Est. reading time":"6 minutes"},"schema":{"@context":"https:\/\/schema.org","@graph":[{"@type":"WebPage","@id":"https:\/\/cliniqueavenir.com\/en\/our-professionals\/","url":"https:\/\/cliniqueavenir.com\/en\/our-professionals\/","name":"Meet Our Team of Dental Professionals | Laval Dentist","isPartOf":{"@id":"https:\/\/cliniqueavenir.com\/#website"},"datePublished":"2017-02-28T17:00:36+00:00","dateModified":"2025-01-16T16:57:27+00:00","description":"The dentists and dental professionals at our Laval clinic offer you care that meets and exceeds your expectations.","breadcrumb":{"@id":"https:\/\/cliniqueavenir.com\/en\/our-professionals\/#breadcrumb"},"inLanguage":"en-CA","potentialAction":[{"@type":"ReadAction","target":["https:\/\/cliniqueavenir.com\/en\/our-professionals\/"]}]},{"@type":"BreadcrumbList","@id":"https:\/\/cliniqueavenir.com\/en\/our-professionals\/#breadcrumb","itemListElement":[{"@type":"ListItem","position":1,"name":"Accueil","item":"https:\/\/cliniqueavenir.com\/en\/"},{"@type":"ListItem","position":2,"name":"Our Dental Care Professionals"}]},{"@type":"WebSite","@id":"https:\/\/cliniqueavenir.com\/#website","url":"https:\/\/cliniqueavenir.com\/","name":"Clinique Dentaire de l&#039;Avenir","description":"Votre clinique dentaire de Laval","potentialAction":[{"@type":"SearchAction","target":{"@type":"EntryPoint","urlTemplate":"https:\/\/cliniqueavenir.com\/?s={search_term_string}"},"query-input":{"@type":"PropertyValueSpecification","valueRequired":true,"valueName":"search_term_string"}}],"inLanguage":"en-CA"}]}},"_links":{"self":[{"href":"https:\/\/cliniqueavenir.com\/en\/wp-json\/wp\/v2\/pages\/284","targetHints":{"allow":["GET"]}}],"collection":[{"href":"https:\/\/cliniqueavenir.com\/en\/wp-json\/wp\/v2\/pages"}],"about":[{"href":"https:\/\/cliniqueavenir.com\/en\/wp-json\/wp\/v2\/types\/page"}],"author":[{"embeddable":true,"href":"https:\/\/cliniqueavenir.com\/en\/wp-json\/wp\/v2\/users\/8"}],"replies":[{"embeddable":true,"href":"https:\/\/cliniqueavenir.com\/en\/wp-json\/wp\/v2\/comments?post=284"}],"version-history":[{"count":22,"href":"https:\/\/cliniqueavenir.com\/en\/wp-json\/wp\/v2\/pages\/284\/revisions"}],"predecessor-version":[{"id":4523,"href":"https:\/\/cliniqueavenir.com\/en\/wp-json\/wp\/v2\/pages\/284\/revisions\/4523"}],"wp:attachment":[{"href":"https:\/\/cliniqueavenir.com\/en\/wp-json\/wp\/v2\/media?parent=284"}],"curies":[{"name":"wp","href":"https:\/\/api.w.org\/{rel}","templated":true}]}}